{"id":817,"date":"2021-12-10T17:04:35","date_gmt":"2021-12-10T15:04:35","guid":{"rendered":"https:\/\/meritxellarque.com\/interim-management\/"},"modified":"2021-12-18T17:44:59","modified_gmt":"2021-12-18T15:44:59","slug":"interim-management","status":"publish","type":"page","link":"https:\/\/meritxellarque.com\/ca\/interim-management\/","title":{"rendered":"Interim Management"},"content":{"rendered":"\t\t<div data-elementor-type=\"wp-page\" data-elementor-id=\"817\" class=\"elementor elementor-817 elementor-659\" data-elementor-settings=\"[]\">\n\t\t\t\t\t\t<div class=\"elementor-inner\">\n\t\t\t\t\t\t\t<div class=\"elementor-section-wrap\">\n\t\t\t\t\t\t\t<section class=\"elementor-section elementor-top-section elementor-element elementor-element-ea483e4 elementor-section-height-min-height elementor-section-stretched elementor-section-boxed elementor-section-height-default elementor-section-items-middle\" data-id=\"ea483e4\" data-element_type=\"section\" data-settings=\"{&quot;stretch_section&quot;:&quot;section-stretched&quot;,&quot;background_background&quot;:&quot;classic&quot;}\">\n\t\t\t\t\t\t\t<div class=\"elementor-background-overlay\"><\/div>\n\t\t\t\t\t\t\t<div class=\"elementor-container elementor-column-gap-no\">\n\t\t\t\t\t\t\t<div class=\"elementor-row\">\n\t\t\t\t\t<div class=\"elementor-column elementor-col-100 elementor-top-column elementor-element elementor-element-7b62fbd\" data-id=\"7b62fbd\" data-element_type=\"column\">\n\t\t\t<div class=\"elementor-column-wrap elementor-element-populated\">\n\t\t\t\t\t\t\t<div class=\"elementor-widget-wrap\">\n\t\t\t\t\t\t<section class=\"elementor-section elementor-inner-section elementor-element elementor-element-b2ff39f elementor-section-boxed elementor-section-height-default elementor-section-height-default\" data-id=\"b2ff39f\" data-element_type=\"section\">\n\t\t\t\t\t\t<div class=\"elementor-container elementor-column-gap-default\">\n\t\t\t\t\t\t\t<div class=\"elementor-row\">\n\t\t\t\t\t<div class=\"elementor-column elementor-col-100 elementor-inner-column elementor-element elementor-element-b38499c\" data-id=\"b38499c\" data-element_type=\"column\">\n\t\t\t<div class=\"elementor-column-wrap elementor-element-populated\">\n\t\t\t\t\t\t\t<div class=\"elementor-widget-wrap\">\n\t\t\t\t\t\t<div class=\"elementor-element elementor-element-0d94af2 elementor-widget elementor-widget-heading\" data-id=\"0d94af2\" data-element_type=\"widget\" data-widget_type=\"heading.default\">\n\t\t\t\t<div class=\"elementor-widget-container\">\n\t\t\t<h2 class=\"elementor-heading-title elementor-size-default\">INTERIM MANAGEMENT\u200b<\/h2>\t\t<\/div>\n\t\t\t\t<\/div>\n\t\t\t\t<div class=\"elementor-element elementor-element-005c6be elementor-position-left elementor-vertical-align-top elementor-widget elementor-widget-image-box\" data-id=\"005c6be\" data-element_type=\"widget\" data-widget_type=\"image-box.default\">\n\t\t\t\t<div class=\"elementor-widget-container\">\n\t\t\t<div class=\"elementor-image-box-wrapper\"><figure class=\"elementor-image-box-img\"><img width=\"478\" height=\"354\" src=\"https:\/\/meritxellarque.com\/wp-content\/uploads\/2021\/12\/Sin-nombre.png\" class=\"attachment-full size-full\" alt=\"\" loading=\"lazy\" \/><\/figure><div class=\"elementor-image-box-content\"><h3 class=\"elementor-image-box-title\">Servei pensat per aquelles empreses que no tinguin una Direcci\u00f3 de Recursos Humans o que vulguin refor\u00e7ar l\u2019\u00e0rea de persones.<\/h3><\/div><\/div>\t\t<\/div>\n\t\t\t\t<\/div>\n\t\t\t\t<div class=\"elementor-element elementor-element-08c2342 elementor-position-left elementor-vertical-align-top elementor-widget elementor-widget-image-box\" data-id=\"08c2342\" data-element_type=\"widget\" data-widget_type=\"image-box.default\">\n\t\t\t\t<div class=\"elementor-widget-container\">\n\t\t\t<div class=\"elementor-image-box-wrapper\"><figure class=\"elementor-image-box-img\"><img width=\"478\" height=\"354\" src=\"https:\/\/meritxellarque.com\/wp-content\/uploads\/2021\/12\/Sin-nombre.png\" class=\"attachment-full size-full\" alt=\"\" loading=\"lazy\" \/><\/figure><div class=\"elementor-image-box-content\"><h3 class=\"elementor-image-box-title\">Aquest servei es definir\u00e0 \u201cad hoc\u201d per a cada client, analitzant i avaluant les seves necessitats rebran una proposta detallada.<\/h3><\/div><\/div>\t\t<\/div>\n\t\t\t\t<\/div>\n\t\t\t\t\t\t<\/div>\n\t\t\t\t\t<\/div>\n\t\t<\/div>\n\t\t\t\t\t\t\t\t<\/div>\n\t\t\t\t\t<\/div>\n\t\t<\/section>\n\t\t\t\t\t\t<\/div>\n\t\t\t\t\t<\/div>\n\t\t<\/div>\n\t\t\t\t\t\t\t\t<\/div>\n\t\t\t\t\t<\/div>\n\t\t<\/section>\n\t\t\t\t<section class=\"elementor-section elementor-top-section elementor-element elementor-element-5d67991 elementor-section-height-min-height elementor-section-stretched elementor-section-boxed elementor-section-height-default elementor-section-items-middle\" data-id=\"5d67991\" data-element_type=\"section\" data-settings=\"{&quot;stretch_section&quot;:&quot;section-stretched&quot;,&quot;background_background&quot;:&quot;classic&quot;}\">\n\t\t\t\t\t\t\t<div class=\"elementor-background-overlay\"><\/div>\n\t\t\t\t\t\t\t<div class=\"elementor-container elementor-column-gap-no\">\n\t\t\t\t\t\t\t<div class=\"elementor-row\">\n\t\t\t\t\t<div class=\"elementor-column elementor-col-100 elementor-top-column elementor-element elementor-element-2931dca\" data-id=\"2931dca\" data-element_type=\"column\">\n\t\t\t<div class=\"elementor-column-wrap elementor-element-populated\">\n\t\t\t\t\t\t\t<div class=\"elementor-widget-wrap\">\n\t\t\t\t\t\t<section class=\"elementor-section elementor-inner-section elementor-element elementor-element-dfa001b elementor-section-boxed elementor-section-height-default elementor-section-height-default\" data-id=\"dfa001b\" data-element_type=\"section\">\n\t\t\t\t\t\t<div class=\"elementor-container elementor-column-gap-default\">\n\t\t\t\t\t\t\t<div class=\"elementor-row\">\n\t\t\t\t\t<div class=\"elementor-column elementor-col-100 elementor-inner-column elementor-element elementor-element-c0231d0\" data-id=\"c0231d0\" data-element_type=\"column\">\n\t\t\t<div class=\"elementor-column-wrap elementor-element-populated\">\n\t\t\t\t\t\t\t<div class=\"elementor-widget-wrap\">\n\t\t\t\t\t\t<div class=\"elementor-element elementor-element-0ef2ba7 elementor-widget elementor-widget-text-editor\" data-id=\"0ef2ba7\" data-element_type=\"widget\" data-widget_type=\"text-editor.default\">\n\t\t\t\t<div class=\"elementor-widget-container\">\n\t\t\t\t\t\t\t\t<div class=\"elementor-text-editor elementor-clearfix\">\n\t\t\t\t<p>L\u2019aparici\u00f3 d\u2019un nou projecte empresarial, gesti\u00f3 d\u2019una crisi, implementaci\u00f3 d\u2019una nova estrat\u00e8gia o un canvi estructural en una companyia poden fer que calgui un ajut extern temporal per la seva coordinaci\u00f3 i gesti\u00f3.<\/p>\n<p>Servei pensat per aquelles empreses que no tinguin una Direcci\u00f3 de Recursos Humans i\/o que vulguin refor\u00e7ar l\u2019\u00e0rea de persones, per tal que els permeti tenir una visi\u00f3 de persones o una estrat\u00e8gia de l\u2019\u00e0rea de persones.<\/p>\n\t\t\t\t\t<\/div>\n\t\t\t\t\t\t<\/div>\n\t\t\t\t<\/div>\n\t\t\t\t\t\t<\/div>\n\t\t\t\t\t<\/div>\n\t\t<\/div>\n\t\t\t\t\t\t\t\t<\/div>\n\t\t\t\t\t<\/div>\n\t\t<\/section>\n\t\t\t\t<section class=\"elementor-section elementor-inner-section elementor-element elementor-element-a5c1d83 elementor-section-boxed elementor-section-height-default elementor-section-height-default\" data-id=\"a5c1d83\" data-element_type=\"section\">\n\t\t\t\t\t\t<div class=\"elementor-container elementor-column-gap-default\">\n\t\t\t\t\t\t\t<div class=\"elementor-row\">\n\t\t\t\t\t<div class=\"elementor-column elementor-col-100 elementor-inner-column elementor-element elementor-element-7af7ec2\" data-id=\"7af7ec2\" data-element_type=\"column\">\n\t\t\t<div class=\"elementor-column-wrap elementor-element-populated\">\n\t\t\t\t\t\t\t<div class=\"elementor-widget-wrap\">\n\t\t\t\t\t\t<div class=\"elementor-element elementor-element-42e36d6 elementor-align-left elementor-mobile-align-center elementor-widget elementor-widget-button\" data-id=\"42e36d6\" data-element_type=\"widget\" data-widget_type=\"button.default\">\n\t\t\t\t<div class=\"elementor-widget-container\">\n\t\t\t\t\t<div class=\"elementor-button-wrapper\">\n\t\t\t<a class=\"elementor-button elementor-size-sm\" role=\"button\">\n\t\t\t\t\t\t<span class=\"elementor-button-content-wrapper\">\n\t\t\t\t\t\t<span class=\"elementor-button-text\">QU\u00c8 PUC OFERIR?<\/span>\n\t\t<\/span>\n\t\t\t\t\t<\/a>\n\t\t<\/div>\n\t\t\t\t<\/div>\n\t\t\t\t<\/div>\n\t\t\t\t\t\t<\/div>\n\t\t\t\t\t<\/div>\n\t\t<\/div>\n\t\t\t\t\t\t\t\t<\/div>\n\t\t\t\t\t<\/div>\n\t\t<\/section>\n\t\t\t\t<section class=\"elementor-section elementor-inner-section elementor-element elementor-element-3abbf38 elementor-section-boxed elementor-section-height-default elementor-section-height-default\" data-id=\"3abbf38\" data-element_type=\"section\">\n\t\t\t\t\t\t<div class=\"elementor-container elementor-column-gap-default\">\n\t\t\t\t\t\t\t<div class=\"elementor-row\">\n\t\t\t\t\t<div class=\"elementor-column elementor-col-100 elementor-inner-column elementor-element elementor-element-204ba85\" data-id=\"204ba85\" data-element_type=\"column\">\n\t\t\t<div class=\"elementor-column-wrap elementor-element-populated\">\n\t\t\t\t\t\t\t<div class=\"elementor-widget-wrap\">\n\t\t\t\t\t\t<div class=\"elementor-element elementor-element-1d7b0d8 elementor-widget elementor-widget-text-editor\" data-id=\"1d7b0d8\" data-element_type=\"widget\" data-widget_type=\"text-editor.default\">\n\t\t\t\t<div class=\"elementor-widget-container\">\n\t\t\t\t\t\t\t\t<div class=\"elementor-text-editor elementor-clearfix\">\n\t\t\t\t<p>Fruit de la meva experi\u00e8ncia com a Directora de RRHH en les diferents companyies en que he treballat anteriorment, ofereixo un servei de direcci\u00f3 de RRHH durant un per\u00edode de temps determinat, sense rigidesa laboral i amb l\u2019objectiu de liderar i gestionar una situaci\u00f3 excepcional o projecte espec\u00edfic amb el comprom\u00eds d\u2019assolir els objectius definits pr\u00e8viament en el menor temps possible.<\/p><p>Aquest servei es definir\u00e0 \u201cad hoc\u201d per a cada client, analitzant i avaluant les seves necessitats rebran una proposta detallada per\u00f2 a grans trets, els principals beneficis per l\u2019empresa s\u00f3n:<\/p><p><span style=\"color: #f29200;\">1. COST VARIABLE.<\/span><br \/>El cost \u00e9s variable donat que \u00e9s un servei que es dona a l\u2019empresa per part d\u2019un professional extern.<\/p><p><span style=\"color: #f29200;\">2. BONS RESULTATS EN POC TEMPS.<\/span><br \/>Incorporaci\u00f3 FULL-TIME O PART-TIME en funci\u00f3 de les necessitats de l\u2019empresa i disponibilitat per\u00f2 garantint resultats a curt termini essent conscient de la necessitat.<\/p><p><span style=\"color: #f29200;\">3. EXPERI\u00c8NCIA.<\/span><br \/>La meva formaci\u00f3, els coneixements assolits i l\u2019experi\u00e8ncia anterior com a directiva de grans empreses liderant equips de treball, em permeten aportar un nivell molt superior per fer front a nous projectes, i\/o necessitats molt espec\u00edfiques millorant de forma notable la capacitat executiva dels treballadors en plantilla.<\/p><p><span style=\"color: #f29200;\">4. OBJECTIVITAT.<\/span><br \/>Major objectivitat en el diagn\u00f2stic i la presa de les millors decisions per a l\u2019empresa al no haver-hi vinculaci\u00f3 pr\u00e8via.<\/p><p><span style=\"color: #f29200;\">5. RESPONSABILITAT.<\/span><br \/>A difer\u00e8ncia d\u2019un consultor extern, assumeixo totalment la responsabilitat executiva liderant i gestionant un departament o projecte i prenent les decisions que calgui per fer que la organitzaci\u00f3 sigui m\u00e9s efica\u00e7.<\/p><p><span style=\"color: #f29200;\">6. COMPROM\u00cdS.<\/span><br \/>El meu nivell d\u2019autoexig\u00e8ncia i implicaci\u00f3 \u00e9s total donat que el meu futur professional, ser\u00e0 fruit de les refer\u00e8ncies, assoliments i \u00e8xit de cadascun dels projectes anteriors.<\/p>\t\t\t\t\t<\/div>\n\t\t\t\t\t\t<\/div>\n\t\t\t\t<\/div>\n\t\t\t\t\t\t<\/div>\n\t\t\t\t\t<\/div>\n\t\t<\/div>\n\t\t\t\t\t\t\t\t<\/div>\n\t\t\t\t\t<\/div>\n\t\t<\/section>\n\t\t\t\t<section class=\"elementor-section elementor-inner-section elementor-element elementor-element-18668ce elementor-section-boxed elementor-section-height-default elementor-section-height-default\" data-id=\"18668ce\" data-element_type=\"section\">\n\t\t\t\t\t\t<div class=\"elementor-container elementor-column-gap-default\">\n\t\t\t\t\t\t\t<div class=\"elementor-row\">\n\t\t\t\t\t<div class=\"elementor-column elementor-col-33 elementor-inner-column elementor-element elementor-element-caf1d5d\" data-id=\"caf1d5d\" data-element_type=\"column\">\n\t\t\t<div class=\"elementor-column-wrap\">\n\t\t\t\t\t\t\t<div class=\"elementor-widget-wrap\">\n\t\t\t\t\t\t\t\t<\/div>\n\t\t\t\t\t<\/div>\n\t\t<\/div>\n\t\t\t\t<div class=\"elementor-column elementor-col-33 elementor-inner-column elementor-element elementor-element-1c0d9b5\" data-id=\"1c0d9b5\" data-element_type=\"column\">\n\t\t\t<div class=\"elementor-column-wrap elementor-element-populated\">\n\t\t\t\t\t\t\t<div class=\"elementor-widget-wrap\">\n\t\t\t\t\t\t<div class=\"elementor-element elementor-element-9a7de9f elementor-align-center elementor-mobile-align-center elementor-widget elementor-widget-button\" data-id=\"9a7de9f\" data-element_type=\"widget\" data-widget_type=\"button.default\">\n\t\t\t\t<div class=\"elementor-widget-container\">\n\t\t\t\t\t<div class=\"elementor-button-wrapper\">\n\t\t\t<a href=\"mailto:meritxell@meritxellarque.com\" class=\"elementor-button-link elementor-button elementor-size-sm elementor-animation-grow\" role=\"button\">\n\t\t\t\t\t\t<span class=\"elementor-button-content-wrapper\">\n\t\t\t\t\t\t<span class=\"elementor-button-text\">T'ACOMPANYO?<\/span>\n\t\t<\/span>\n\t\t\t\t\t<\/a>\n\t\t<\/div>\n\t\t\t\t<\/div>\n\t\t\t\t<\/div>\n\t\t\t\t\t\t<\/div>\n\t\t\t\t\t<\/div>\n\t\t<\/div>\n\t\t\t\t<div class=\"elementor-column elementor-col-33 elementor-inner-column elementor-element elementor-element-db981d3\" data-id=\"db981d3\" data-element_type=\"column\">\n\t\t\t<div class=\"elementor-column-wrap\">\n\t\t\t\t\t\t\t<div class=\"elementor-widget-wrap\">\n\t\t\t\t\t\t\t\t<\/div>\n\t\t\t\t\t<\/div>\n\t\t<\/div>\n\t\t\t\t\t\t\t\t<\/div>\n\t\t\t\t\t<\/div>\n\t\t<\/section>\n\t\t\t\t\t\t<\/div>\n\t\t\t\t\t<\/div>\n\t\t<\/div>\n\t\t\t\t\t\t\t\t<\/div>\n\t\t\t\t\t<\/div>\n\t\t<\/section>\n\t\t\t\t\t\t<\/div>\n\t\t\t\t\t\t<\/div>\n\t\t\t\t\t<\/div>\n\t\t","protected":false},"excerpt":{"rendered":"<p>INTERIM MANAGEMENT\u200b Servei pensat per aquelles empreses que no tinguin una Direcci\u00f3 de Recursos Humans o que vulguin refor\u00e7ar l\u2019\u00e0rea de persones. Aquest servei es definir\u00e0 \u201cad hoc\u201d per a cada client, analitzant i avaluant les seves necessitats rebran una proposta detallada. L\u2019aparici\u00f3 d\u2019un nou projecte empresarial, gesti\u00f3 d\u2019una crisi, implementaci\u00f3 d\u2019una nova estrat\u00e8gia o &#8230; <a title=\"Interim Management\" class=\"read-more\" href=\"https:\/\/meritxellarque.com\/ca\/interim-management\/\" aria-label=\"More on Interim Management\">Read more<\/a><\/p>\n","protected":false},"author":1,"featured_media":0,"parent":0,"menu_order":0,"comment_status":"closed","ping_status":"closed","template":"","meta":[],"yoast_head":"<!-- This site is optimized with the Yoast SEO plugin v17.8 - https:\/\/yoast.com\/wordpress\/plugins\/seo\/ -->\n<title>Interim Management | Meritxell Arqu\u00e9<\/title>\n<meta name=\"description\" content=\"INTERIM MANAGEMENT Servei pensat per aquelles empreses que no tinguin una Direcci\u00f3 de Recursos Humans o que vulguin refor\u00e7ar l\u2019\u00e0rea de persone\" \/>\n<meta name=\"robots\" content=\"index, follow, max-snippet:-1, max-image-preview:large, max-video-preview:-1\" \/>\n<link rel=\"canonical\" href=\"https:\/\/meritxellarque.com\/interim-management\/\" \/>\n<meta property=\"og:locale\" content=\"ca_ES\" \/>\n<meta property=\"og:type\" content=\"article\" \/>\n<meta property=\"og:title\" content=\"Interim Management | Meritxell Arqu\u00e9\" \/>\n<meta property=\"og:description\" content=\"INTERIM MANAGEMENT Servei pensat per aquelles empreses que no tinguin una Direcci\u00f3 de Recursos Humans o que vulguin refor\u00e7ar l\u2019\u00e0rea de persone\" \/>\n<meta property=\"og:url\" content=\"https:\/\/meritxellarque.com\/interim-management\/\" \/>\n<meta property=\"og:site_name\" content=\"Meritxell Arqu\u00e9\" \/>\n<meta property=\"article:modified_time\" content=\"2021-12-18T15:44:59+00:00\" \/>\n<meta property=\"og:image\" content=\"https:\/\/meritxellarque.com\/wp-content\/uploads\/2021\/12\/Sin-nombre.png\" \/>\n<meta name=\"twitter:card\" content=\"summary_large_image\" \/>\n<meta name=\"twitter:label1\" content=\"Temps estimat de lectura\" \/>\n\t<meta name=\"twitter:data1\" content=\"3 minuts\" \/>\n<script type=\"application\/ld+json\" class=\"yoast-schema-graph\">{\"@context\":\"https:\/\/schema.org\",\"@graph\":[{\"@type\":\"Organization\",\"@id\":\"https:\/\/meritxellarque.com\/#organization\",\"name\":\"Mertixell Arqu\\u00e9\",\"url\":\"https:\/\/meritxellarque.com\/\",\"sameAs\":[\"https:\/\/www.linkedin.com\/in\/meritxellarque\/\"],\"logo\":{\"@type\":\"ImageObject\",\"@id\":\"https:\/\/meritxellarque.com\/#logo\",\"inLanguage\":\"ca\",\"url\":\"https:\/\/meritxellarque.com\/wp-content\/uploads\/2021\/04\/LOGO-formulario.png\",\"contentUrl\":\"https:\/\/meritxellarque.com\/wp-content\/uploads\/2021\/04\/LOGO-formulario.png\",\"width\":500,\"height\":311,\"caption\":\"Mertixell Arqu\\u00e9\"},\"image\":{\"@id\":\"https:\/\/meritxellarque.com\/#logo\"}},{\"@type\":\"WebSite\",\"@id\":\"https:\/\/meritxellarque.com\/#website\",\"url\":\"https:\/\/meritxellarque.com\/\",\"name\":\"Meritxell Arqu\\u00e9\",\"description\":\"\",\"publisher\":{\"@id\":\"https:\/\/meritxellarque.com\/#organization\"},\"potentialAction\":[{\"@type\":\"SearchAction\",\"target\":{\"@type\":\"EntryPoint\",\"urlTemplate\":\"https:\/\/meritxellarque.com\/?s={search_term_string}\"},\"query-input\":\"required name=search_term_string\"}],\"inLanguage\":\"ca\"},{\"@type\":\"ImageObject\",\"@id\":\"https:\/\/meritxellarque.com\/interim-management\/#primaryimage\",\"inLanguage\":\"ca\",\"url\":\"https:\/\/meritxellarque.com\/wp-content\/uploads\/2021\/12\/Sin-nombre.png\",\"contentUrl\":\"https:\/\/meritxellarque.com\/wp-content\/uploads\/2021\/12\/Sin-nombre.png\",\"width\":478,\"height\":354},{\"@type\":\"WebPage\",\"@id\":\"https:\/\/meritxellarque.com\/interim-management\/#webpage\",\"url\":\"https:\/\/meritxellarque.com\/interim-management\/\",\"name\":\"Interim Management | Meritxell Arqu\\u00e9\",\"isPartOf\":{\"@id\":\"https:\/\/meritxellarque.com\/#website\"},\"primaryImageOfPage\":{\"@id\":\"https:\/\/meritxellarque.com\/interim-management\/#primaryimage\"},\"datePublished\":\"2021-12-10T15:04:35+00:00\",\"dateModified\":\"2021-12-18T15:44:59+00:00\",\"description\":\"INTERIM MANAGEMENT Servei pensat per aquelles empreses que no tinguin una Direcci\\u00f3 de Recursos Humans o que vulguin refor\\u00e7ar l\\u2019\\u00e0rea de persone\",\"breadcrumb\":{\"@id\":\"https:\/\/meritxellarque.com\/interim-management\/#breadcrumb\"},\"inLanguage\":\"ca\",\"potentialAction\":[{\"@type\":\"ReadAction\",\"target\":[\"https:\/\/meritxellarque.com\/interim-management\/\"]}]},{\"@type\":\"BreadcrumbList\",\"@id\":\"https:\/\/meritxellarque.com\/interim-management\/#breadcrumb\",\"itemListElement\":[{\"@type\":\"ListItem\",\"position\":1,\"name\":\"Portada\",\"item\":\"https:\/\/meritxellarque.com\/\"},{\"@type\":\"ListItem\",\"position\":2,\"name\":\"Interim Management\"}]}]}<\/script>\n<!-- \/ Yoast SEO plugin. -->","yoast_head_json":{"title":"Interim Management | Meritxell Arqu\u00e9","description":"INTERIM MANAGEMENT Servei pensat per aquelles empreses que no tinguin una Direcci\u00f3 de Recursos Humans o que vulguin refor\u00e7ar l\u2019\u00e0rea de persone","robots":{"index":"index","follow":"follow","max-snippet":"max-snippet:-1","max-image-preview":"max-image-preview:large","max-video-preview":"max-video-preview:-1"},"canonical":"https:\/\/meritxellarque.com\/interim-management\/","og_locale":"ca_ES","og_type":"article","og_title":"Interim Management | Meritxell Arqu\u00e9","og_description":"INTERIM MANAGEMENT Servei pensat per aquelles empreses que no tinguin una Direcci\u00f3 de Recursos Humans o que vulguin refor\u00e7ar l\u2019\u00e0rea de persone","og_url":"https:\/\/meritxellarque.com\/interim-management\/","og_site_name":"Meritxell Arqu\u00e9","article_modified_time":"2021-12-18T15:44:59+00:00","og_image":[{"url":"https:\/\/meritxellarque.com\/wp-content\/uploads\/2021\/12\/Sin-nombre.png"}],"twitter_card":"summary_large_image","twitter_misc":{"Temps estimat de lectura":"3 minuts"},"schema":{"@context":"https:\/\/schema.org","@graph":[{"@type":"Organization","@id":"https:\/\/meritxellarque.com\/#organization","name":"Mertixell Arqu\u00e9","url":"https:\/\/meritxellarque.com\/","sameAs":["https:\/\/www.linkedin.com\/in\/meritxellarque\/"],"logo":{"@type":"ImageObject","@id":"https:\/\/meritxellarque.com\/#logo","inLanguage":"ca","url":"https:\/\/meritxellarque.com\/wp-content\/uploads\/2021\/04\/LOGO-formulario.png","contentUrl":"https:\/\/meritxellarque.com\/wp-content\/uploads\/2021\/04\/LOGO-formulario.png","width":500,"height":311,"caption":"Mertixell Arqu\u00e9"},"image":{"@id":"https:\/\/meritxellarque.com\/#logo"}},{"@type":"WebSite","@id":"https:\/\/meritxellarque.com\/#website","url":"https:\/\/meritxellarque.com\/","name":"Meritxell Arqu\u00e9","description":"","publisher":{"@id":"https:\/\/meritxellarque.com\/#organization"},"potentialAction":[{"@type":"SearchAction","target":{"@type":"EntryPoint","urlTemplate":"https:\/\/meritxellarque.com\/?s={search_term_string}"},"query-input":"required name=search_term_string"}],"inLanguage":"ca"},{"@type":"ImageObject","@id":"https:\/\/meritxellarque.com\/interim-management\/#primaryimage","inLanguage":"ca","url":"https:\/\/meritxellarque.com\/wp-content\/uploads\/2021\/12\/Sin-nombre.png","contentUrl":"https:\/\/meritxellarque.com\/wp-content\/uploads\/2021\/12\/Sin-nombre.png","width":478,"height":354},{"@type":"WebPage","@id":"https:\/\/meritxellarque.com\/interim-management\/#webpage","url":"https:\/\/meritxellarque.com\/interim-management\/","name":"Interim Management | Meritxell Arqu\u00e9","isPartOf":{"@id":"https:\/\/meritxellarque.com\/#website"},"primaryImageOfPage":{"@id":"https:\/\/meritxellarque.com\/interim-management\/#primaryimage"},"datePublished":"2021-12-10T15:04:35+00:00","dateModified":"2021-12-18T15:44:59+00:00","description":"INTERIM MANAGEMENT Servei pensat per aquelles empreses que no tinguin una Direcci\u00f3 de Recursos Humans o que vulguin refor\u00e7ar l\u2019\u00e0rea de persone","breadcrumb":{"@id":"https:\/\/meritxellarque.com\/interim-management\/#breadcrumb"},"inLanguage":"ca","potentialAction":[{"@type":"ReadAction","target":["https:\/\/meritxellarque.com\/interim-management\/"]}]},{"@type":"BreadcrumbList","@id":"https:\/\/meritxellarque.com\/interim-management\/#breadcrumb","itemListElement":[{"@type":"ListItem","position":1,"name":"Portada","item":"https:\/\/meritxellarque.com\/"},{"@type":"ListItem","position":2,"name":"Interim Management"}]}]}},"_links":{"self":[{"href":"https:\/\/meritxellarque.com\/ca\/wp-json\/wp\/v2\/pages\/817"}],"collection":[{"href":"https:\/\/meritxellarque.com\/ca\/wp-json\/wp\/v2\/pages"}],"about":[{"href":"https:\/\/meritxellarque.com\/ca\/wp-json\/wp\/v2\/types\/page"}],"author":[{"embeddable":true,"href":"https:\/\/meritxellarque.com\/ca\/wp-json\/wp\/v2\/users\/1"}],"replies":[{"embeddable":true,"href":"https:\/\/meritxellarque.com\/ca\/wp-json\/wp\/v2\/comments?post=817"}],"version-history":[{"count":9,"href":"https:\/\/meritxellarque.com\/ca\/wp-json\/wp\/v2\/pages\/817\/revisions"}],"predecessor-version":[{"id":944,"href":"https:\/\/meritxellarque.com\/ca\/wp-json\/wp\/v2\/pages\/817\/revisions\/944"}],"wp:attachment":[{"href":"https:\/\/meritxellarque.com\/ca\/wp-json\/wp\/v2\/media?parent=817"}],"curies":[{"name":"wp","href":"https:\/\/api.w.org\/{rel}","templated":true}]}}